{"id":1581,"date":"2026-04-21T17:26:32","date_gmt":"2026-04-21T14:26:32","guid":{"rendered":"https:\/\/www.humansfestival.com\/?page_id=1581"},"modified":"2026-04-21T17:35:11","modified_gmt":"2026-04-21T14:35:11","slug":"doneaza","status":"publish","type":"page","link":"https:\/\/www.humansfestival.com\/en\/doneaza\/","title":{"rendered":"Donate"},"content":{"rendered":"<p>\u00a0<\/p>\n<p style=\"text-align: center;\">Each contribution means more than a donation, it is a relationship.<br \/>That is why we prefer to speak directly with those who choose to support the festival.<\/p>\n<p style=\"text-align: center;\">e-mail: hodreaadriana@gmail.com<\/p>\n<p style=\"text-align: center;\">Thank You!<\/p>\n<p>\u00a0<\/p>\n\n\n<p><\/p>","protected":false},"excerpt":{"rendered":"<p>\u00a0 Fiecare contribu\u021bie \u00eenseamn\u0103 mai mult dec\u00e2t o dona\u021bie, este o rela\u021bie.De aceea, prefer\u0103m s\u0103 vorbim direct cu cei care aleg s\u0103 sus\u021bin\u0103 festivalul. e-mail: hodreaadriana@gmail.com Mul\u021bumim! \u00a0<\/p>","protected":false},"author":1,"featured_media":0,"parent":0,"menu_order":0,"comment_status":"closed","ping_status":"closed","template":"elementor_header_footer","meta":{"inspiro_hide_title":true,"footnotes":""},"class_list":["post-1581","page","type-page","status-publish","hentry"],"_links":{"self":[{"href":"https:\/\/www.humansfestival.com\/en\/wp-json\/wp\/v2\/pages\/1581","targetHints":{"allow":["GET"]}}],"collection":[{"href":"https:\/\/www.humansfestival.com\/en\/wp-json\/wp\/v2\/pages"}],"about":[{"href":"https:\/\/www.humansfestival.com\/en\/wp-json\/wp\/v2\/types\/page"}],"author":[{"embeddable":true,"href":"https:\/\/www.humansfestival.com\/en\/wp-json\/wp\/v2\/users\/1"}],"replies":[{"embeddable":true,"href":"https:\/\/www.humansfestival.com\/en\/wp-json\/wp\/v2\/comments?post=1581"}],"version-history":[{"count":6,"href":"https:\/\/www.humansfestival.com\/en\/wp-json\/wp\/v2\/pages\/1581\/revisions"}],"predecessor-version":[{"id":1593,"href":"https:\/\/www.humansfestival.com\/en\/wp-json\/wp\/v2\/pages\/1581\/revisions\/1593"}],"wp:attachment":[{"href":"https:\/\/www.humansfestival.com\/en\/wp-json\/wp\/v2\/media?parent=1581"}],"curies":[{"name":"wp","href":"https:\/\/api.w.org\/{rel}","templated":true}]}}