{"id":1610,"date":"2026-04-22T11:24:16","date_gmt":"2026-04-22T08:24:16","guid":{"rendered":"https:\/\/www.humansfestival.com\/?page_id=1610"},"modified":"2026-04-22T13:52:51","modified_gmt":"2026-04-22T10:52:51","slug":"test","status":"publish","type":"page","link":"https:\/\/www.humansfestival.com\/en\/test\/","title":{"rendered":"Test"},"content":{"rendered":"<div data-elementor-type=\"wp-page\" data-elementor-id=\"1610\" class=\"elementor elementor-1610\">\n\t\t\t\t<div class=\"elementor-element elementor-element-f7574b9 e-flex e-con-boxed e-con e-parent\" data-id=\"f7574b9\" data-element_type=\"container\" data-e-type=\"container\" data-settings=\"{&quot;background_background&quot;:&quot;classic&quot;}\">\n\t\t\t\t\t<div class=\"e-con-inner\">\n\t\t\t\t<div class=\"elementor-element elementor-element-7b08252 elementor-widget elementor-widget-image\" data-id=\"7b08252\" data-element_type=\"widget\" data-e-type=\"widget\" data-widget_type=\"image.default\">\n\t\t\t\t\t\t\t\t\t\t\t\t\t\t\t<img fetchpriority=\"high\" decoding=\"async\" width=\"2560\" height=\"939\" src=\"https:\/\/www.humansfestival.com\/wp-content\/uploads\/2026\/04\/Logo-Humans-by-David-Grimal-alb-rosu-scaled.png\" class=\"attachment-full size-full wp-image-803\" alt=\"\" srcset=\"https:\/\/www.humansfestival.com\/wp-content\/uploads\/2026\/04\/Logo-Humans-by-David-Grimal-alb-rosu-scaled.png 2560w, https:\/\/www.humansfestival.com\/wp-content\/uploads\/2026\/04\/Logo-Humans-by-David-Grimal-alb-rosu-300x110.png 300w, https:\/\/www.humansfestival.com\/wp-content\/uploads\/2026\/04\/Logo-Humans-by-David-Grimal-alb-rosu-1024x375.png 1024w, https:\/\/www.humansfestival.com\/wp-content\/uploads\/2026\/04\/Logo-Humans-by-David-Grimal-alb-rosu-2000x733.png 2000w, https:\/\/www.humansfestival.com\/wp-content\/uploads\/2026\/04\/Logo-Humans-by-David-Grimal-alb-rosu-scaled-100x37.png 100w, https:\/\/www.humansfestival.com\/wp-content\/uploads\/2026\/04\/Logo-Humans-by-David-Grimal-alb-rosu-scaled-1536x563.png 1536w, https:\/\/www.humansfestival.com\/wp-content\/uploads\/2026\/04\/Logo-Humans-by-David-Grimal-alb-rosu-scaled-2048x751.png 2048w, https:\/\/www.humansfestival.com\/wp-content\/uploads\/2026\/04\/Logo-Humans-by-David-Grimal-alb-rosu-scaled-18x7.png 18w\" sizes=\"100vw\" \/>\t\t\t\t\t\t\t\t\t\t\t\t\t\t\t<\/div>\n\t\t\t\t\t<\/div>\n\t\t\t\t<\/div>\n\t\t<div class=\"elementor-element elementor-element-409d3e5 e-flex e-con-boxed e-con e-parent\" data-id=\"409d3e5\" data-element_type=\"container\" data-e-type=\"container\" data-settings=\"{&quot;background_background&quot;:&quot;classic&quot;}\">\n\t\t\t\t\t<div class=\"e-con-inner\">\n\t\t<div class=\"elementor-element elementor-element-4bd6771 e-con-full e-flex e-con e-child\" data-id=\"4bd6771\" data-element_type=\"container\" data-e-type=\"container\">\n\t\t\t\t<div class=\"elementor-element elementor-element-3d65a27 elementor-widget elementor-widget-heading\" data-id=\"3d65a27\" data-element_type=\"widget\" data-e-type=\"widget\" data-widget_type=\"heading.default\">\n\t\t\t\t\t<h2 class=\"elementor-heading-title elementor-size-default\">June 3rd-12th<br>\n2026<\/h2>\t\t\t\t<\/div>\n\t\t\t\t<\/div>\n\t\t<div class=\"elementor-element elementor-element-a6c38d7 e-con-full e-flex e-con e-child\" data-id=\"a6c38d7\" data-element_type=\"container\" data-e-type=\"container\" data-settings=\"{&quot;background_background&quot;:&quot;gradient&quot;}\">\n\t\t\t\t<div class=\"elementor-element elementor-element-11ed7e4 elementor-widget-divider--view-line elementor-widget elementor-widget-divider\" data-id=\"11ed7e4\" data-element_type=\"widget\" data-e-type=\"widget\" data-widget_type=\"divider.default\">\n\t\t\t\t\t\t\t<div class=\"elementor-divider\">\n\t\t\t<span class=\"elementor-divider-separator\">\n\t\t\t\t\t\t<\/span>\n\t\t<\/div>\n\t\t\t\t\t\t<\/div>\n\t\t\t\t<div class=\"elementor-element elementor-element-cfe41d9 elementor-widget elementor-widget-text-editor\" data-id=\"cfe41d9\" data-element_type=\"widget\" data-e-type=\"widget\" data-widget_type=\"text-editor.default\">\n\t\t\t\t\t\t\t\t\t<p><em>\"In times that challenge our humanity, I created <\/em>HUMANS<em> around what defines us most: the soul,\nwhich no artificial or real intelligence can quantify or surpass. Music is its expression -\nan infinite language that transcends words and the wounds of civilizations.\"<\/em> \u2013 David Grimal<\/p>\t\t\t\t\t\t\t\t<\/div>\n\t\t\t\t<\/div>\n\t\t\t\t\t<\/div>\n\t\t\t\t<\/div>\n\t\t\t\t<\/div>","protected":false},"excerpt":{"rendered":"<p>3-12 Iunie 2026 \u201e\u00cen vremuri care ne pun la \u00eencercare umanitatea, am creat HUMANS \u00een jurul a ceea ce ne define\u0219te cel mai profund: sufletul, pe care nicio inteligen\u021b\u0103 artificial\u0103 &hellip; <\/p>\n<p class=\"link-more\"><a href=\"https:\/\/www.humansfestival.com\/en\/test\/\" class=\"more-link\">Read more<span class=\"screen-reader-text\"> &#8222;Test&#8221;<\/span><\/a><\/p>","protected":false},"author":1,"featured_media":0,"parent":0,"menu_order":0,"comment_status":"closed","ping_status":"closed","template":"page-templates\/full-width-builder-bb.php","meta":{"inspiro_hide_title":true,"footnotes":""},"class_list":["post-1610","page","type-page","status-publish","hentry"],"_links":{"self":[{"href":"https:\/\/www.humansfestival.com\/en\/wp-json\/wp\/v2\/pages\/1610","targetHints":{"allow":["GET"]}}],"collection":[{"href":"https:\/\/www.humansfestival.com\/en\/wp-json\/wp\/v2\/pages"}],"about":[{"href":"https:\/\/www.humansfestival.com\/en\/wp-json\/wp\/v2\/types\/page"}],"author":[{"embeddable":true,"href":"https:\/\/www.humansfestival.com\/en\/wp-json\/wp\/v2\/users\/1"}],"replies":[{"embeddable":true,"href":"https:\/\/www.humansfestival.com\/en\/wp-json\/wp\/v2\/comments?post=1610"}],"version-history":[{"count":11,"href":"https:\/\/www.humansfestival.com\/en\/wp-json\/wp\/v2\/pages\/1610\/revisions"}],"predecessor-version":[{"id":1625,"href":"https:\/\/www.humansfestival.com\/en\/wp-json\/wp\/v2\/pages\/1610\/revisions\/1625"}],"wp:attachment":[{"href":"https:\/\/www.humansfestival.com\/en\/wp-json\/wp\/v2\/media?parent=1610"}],"curies":[{"name":"wp","href":"https:\/\/api.w.org\/{rel}","templated":true}]}}