{"id":532,"date":"2026-04-03T20:13:08","date_gmt":"2026-04-03T17:13:08","guid":{"rendered":"https:\/\/www.humansfestival.com\/?page_id=532"},"modified":"2026-04-17T22:18:40","modified_gmt":"2026-04-17T19:18:40","slug":"valentin-serban","status":"publish","type":"page","link":"https:\/\/www.humansfestival.com\/en\/valentin-serban\/","title":{"rendered":"Valentin \u0218erban"},"content":{"rendered":"<div data-elementor-type=\"wp-page\" data-elementor-id=\"532\" class=\"elementor elementor-532\">\n\t\t\t\t<div class=\"elementor-element elementor-element-6f21a88 e-flex e-con-boxed e-con e-parent\" data-id=\"6f21a88\" data-element_type=\"container\" data-e-type=\"container\">\n\t\t\t\t\t<div class=\"e-con-inner\">\n\t\t<div class=\"elementor-element elementor-element-4c55553 e-con-full e-flex e-con e-child\" data-id=\"4c55553\" data-element_type=\"container\" data-e-type=\"container\" data-settings=\"{&quot;background_background&quot;:&quot;classic&quot;}\">\n\t\t\t\t<div class=\"elementor-element elementor-element-b0d7e22 elementor-widget elementor-widget-image\" data-id=\"b0d7e22\" data-element_type=\"widget\" data-e-type=\"widget\" data-widget_type=\"image.default\">\n\t\t\t\t\t\t\t\t\t\t\t\t\t\t\t<img fetchpriority=\"high\" decoding=\"async\" width=\"854\" height=\"1024\" src=\"https:\/\/www.humansfestival.com\/wp-content\/uploads\/2026\/04\/Valentin-home-pagina-854x1024.jpg\" class=\"attachment-large size-large wp-image-1234\" alt=\"\" srcset=\"https:\/\/www.humansfestival.com\/wp-content\/uploads\/2026\/04\/Valentin-home-pagina-854x1024.jpg 854w, https:\/\/www.humansfestival.com\/wp-content\/uploads\/2026\/04\/Valentin-home-pagina-250x300.jpg 250w, https:\/\/www.humansfestival.com\/wp-content\/uploads\/2026\/04\/Valentin-home-pagina-100x120.jpg 100w, https:\/\/www.humansfestival.com\/wp-content\/uploads\/2026\/04\/Valentin-home-pagina-10x12.jpg 10w, https:\/\/www.humansfestival.com\/wp-content\/uploads\/2026\/04\/Valentin-home-pagina.jpg 908w\" sizes=\"100vw\" \/>\t\t\t\t\t\t\t\t\t\t\t\t\t\t\t<\/div>\n\t\t\t\t<\/div>\n\t\t<div class=\"elementor-element elementor-element-2e9f2ba e-con-full e-flex e-con e-child\" data-id=\"2e9f2ba\" data-element_type=\"container\" data-e-type=\"container\">\n\t\t\t\t<div class=\"elementor-element elementor-element-f929976 elementor-widget elementor-widget-heading\" data-id=\"f929976\" data-element_type=\"widget\" data-e-type=\"widget\" data-widget_type=\"heading.default\">\n\t\t\t\t\t<h2 class=\"elementor-heading-title elementor-size-default\">Valentin \u0218erban<\/h2>\t\t\t\t<\/div>\n\t\t\t\t<div class=\"elementor-element elementor-element-6a4b06d elementor-widget-divider--view-line elementor-widget elementor-widget-divider\" data-id=\"6a4b06d\" data-element_type=\"widget\" data-e-type=\"widget\" data-widget_type=\"divider.default\">\n\t\t\t\t\t\t\t<div class=\"elementor-divider\">\n\t\t\t<span class=\"elementor-divider-separator\">\n\t\t\t\t\t\t<\/span>\n\t\t<\/div>\n\t\t\t\t\t\t<\/div>\n\t\t\t\t<div class=\"elementor-element elementor-element-574f045 elementor-widget elementor-widget-heading\" data-id=\"574f045\" data-element_type=\"widget\" data-e-type=\"widget\" data-widget_type=\"heading.default\">\n\t\t\t\t\t<h2 class=\"elementor-heading-title elementor-size-default\">Violin | Romania<\/h2>\t\t\t\t<\/div>\n\t\t\t\t<div class=\"elementor-element elementor-element-53211b0 elementor-widget elementor-widget-text-editor\" data-id=\"53211b0\" data-element_type=\"widget\" data-e-type=\"widget\" data-widget_type=\"text-editor.default\">\n\t\t\t\t\t\t\t\t\t<p><strong>Valentin \u0218erban,<\/strong><strong>is the winner of the grand prize in the Violin final of the\n2020\/2021 George Enescu International Competition, with a performance of\nSibelius Violin Concerto in D minor Op. 47 that brought the public to a\nstanding ovation at the Romanian Athenaeum.<\/strong><\/p><p>Valentin \u0218erban previously\ngraduated with bachelor\u2019s studies at the Transilvania University in Bra\u0219ov and\nattended his master\u2019s studies at the University of Music and Performing Arts in\nGraz, under the guidance of Silvia Marcovici. He has performed in Romania,\nFrance, Germany, Austria, and Italy.<\/p><p class=\"translation-block\">He has been a member of the Les\nDissonances Orchestra in Paris since 2018 and a guest concertmaster of the\nRomanian Youth Orchestra. He is a winner of several national and\ninternational violin competitions such as \u201dAndrea Postacchini\u201d International\nCompetition (Italy), \u201dMihai Jora\u201d National Competition (Romania), \u201d\u0218tefan\nRuha\u201d International Competition (Romania), \u201dRemember Enescu\u201d\nInternational Competition (Romania).<\/p>\t\t\t\t\t\t\t\t<\/div>\n\t\t\t\t<\/div>\n\t\t\t\t\t<\/div>\n\t\t\t\t<\/div>\n\t\t\t\t<\/div>","protected":false},"excerpt":{"rendered":"<p>Valentin \u0218erban Vioar\u0103 | Rom\u00e2nia Valentin \u0218erban este c\u00e2\u0219tig\u0103torul Marelui Premiu \u00een finala de vioar\u0103 a Concursului Interna\u021bional \u201eGeorge Enescu\u201d 2020\/2021, cu o interpretare a Concertului pentru vioar\u0103 \u00een Re &hellip; <\/p>\n<p class=\"link-more\"><a href=\"https:\/\/www.humansfestival.com\/en\/valentin-serban\/\" class=\"more-link\">Read more<span class=\"screen-reader-text\"> &#8222;Valentin \u0218erban&#8221;<\/span><\/a><\/p>","protected":false},"author":1,"featured_media":0,"parent":0,"menu_order":0,"comment_status":"closed","ping_status":"closed","template":"elementor_header_footer","meta":{"inspiro_hide_title":true,"footnotes":""},"class_list":["post-532","page","type-page","status-publish","hentry"],"_links":{"self":[{"href":"https:\/\/www.humansfestival.com\/en\/wp-json\/wp\/v2\/pages\/532","targetHints":{"allow":["GET"]}}],"collection":[{"href":"https:\/\/www.humansfestival.com\/en\/wp-json\/wp\/v2\/pages"}],"about":[{"href":"https:\/\/www.humansfestival.com\/en\/wp-json\/wp\/v2\/types\/page"}],"author":[{"embeddable":true,"href":"https:\/\/www.humansfestival.com\/en\/wp-json\/wp\/v2\/users\/1"}],"replies":[{"embeddable":true,"href":"https:\/\/www.humansfestival.com\/en\/wp-json\/wp\/v2\/comments?post=532"}],"version-history":[{"count":25,"href":"https:\/\/www.humansfestival.com\/en\/wp-json\/wp\/v2\/pages\/532\/revisions"}],"predecessor-version":[{"id":1366,"href":"https:\/\/www.humansfestival.com\/en\/wp-json\/wp\/v2\/pages\/532\/revisions\/1366"}],"wp:attachment":[{"href":"https:\/\/www.humansfestival.com\/en\/wp-json\/wp\/v2\/media?parent=532"}],"curies":[{"name":"wp","href":"https:\/\/api.w.org\/{rel}","templated":true}]}}