{"id":574,"date":"2026-04-05T23:38:47","date_gmt":"2026-04-05T20:38:47","guid":{"rendered":"https:\/\/www.humansfestival.com\/?page_id=574"},"modified":"2026-04-17T10:25:59","modified_gmt":"2026-04-17T07:25:59","slug":"ricardo-castro","status":"publish","type":"page","link":"https:\/\/www.humansfestival.com\/en\/ricardo-castro\/","title":{"rendered":"Ricardo Castro"},"content":{"rendered":"<div data-elementor-type=\"wp-page\" data-elementor-id=\"574\" class=\"elementor elementor-574\">\n\t\t\t\t<div class=\"elementor-element elementor-element-6f21a88 e-flex e-con-boxed e-con e-parent\" data-id=\"6f21a88\" data-element_type=\"container\" data-e-type=\"container\">\n\t\t\t\t\t<div class=\"e-con-inner\">\n\t\t<div class=\"elementor-element elementor-element-4c55553 e-con-full e-flex e-con e-child\" data-id=\"4c55553\" data-element_type=\"container\" data-e-type=\"container\" data-settings=\"{&quot;background_background&quot;:&quot;classic&quot;}\">\n\t\t\t\t<div class=\"elementor-element elementor-element-8925ea9 elementor-widget elementor-widget-image\" data-id=\"8925ea9\" data-element_type=\"widget\" data-e-type=\"widget\" data-widget_type=\"image.default\">\n\t\t\t\t\t\t\t\t\t\t\t\t\t\t\t<img fetchpriority=\"high\" decoding=\"async\" width=\"854\" height=\"1024\" src=\"https:\/\/www.humansfestival.com\/wp-content\/uploads\/2026\/04\/Ricardo-Castro-pagina-854x1024.jpg\" class=\"attachment-large size-large wp-image-1231\" alt=\"\" srcset=\"https:\/\/www.humansfestival.com\/wp-content\/uploads\/2026\/04\/Ricardo-Castro-pagina-854x1024.jpg 854w, https:\/\/www.humansfestival.com\/wp-content\/uploads\/2026\/04\/Ricardo-Castro-pagina-250x300.jpg 250w, https:\/\/www.humansfestival.com\/wp-content\/uploads\/2026\/04\/Ricardo-Castro-pagina-100x120.jpg 100w, https:\/\/www.humansfestival.com\/wp-content\/uploads\/2026\/04\/Ricardo-Castro-pagina-10x12.jpg 10w, https:\/\/www.humansfestival.com\/wp-content\/uploads\/2026\/04\/Ricardo-Castro-pagina.jpg 908w\" sizes=\"100vw\" \/>\t\t\t\t\t\t\t\t\t\t\t\t\t\t\t<\/div>\n\t\t\t\t<\/div>\n\t\t<div class=\"elementor-element elementor-element-2e9f2ba e-con-full e-flex e-con e-child\" data-id=\"2e9f2ba\" data-element_type=\"container\" data-e-type=\"container\">\n\t\t\t\t<div class=\"elementor-element elementor-element-f929976 elementor-widget elementor-widget-heading\" data-id=\"f929976\" data-element_type=\"widget\" data-e-type=\"widget\" data-widget_type=\"heading.default\">\n\t\t\t\t\t<h2 class=\"elementor-heading-title elementor-size-default\">Ricardo Castro<\/h2>\t\t\t\t<\/div>\n\t\t\t\t<div class=\"elementor-element elementor-element-6a4b06d elementor-widget-divider--view-line elementor-widget elementor-widget-divider\" data-id=\"6a4b06d\" data-element_type=\"widget\" data-e-type=\"widget\" data-widget_type=\"divider.default\">\n\t\t\t\t\t\t\t<div class=\"elementor-divider\">\n\t\t\t<span class=\"elementor-divider-separator\">\n\t\t\t\t\t\t<\/span>\n\t\t<\/div>\n\t\t\t\t\t\t<\/div>\n\t\t\t\t<div class=\"elementor-element elementor-element-574f045 elementor-widget elementor-widget-heading\" data-id=\"574f045\" data-element_type=\"widget\" data-e-type=\"widget\" data-widget_type=\"heading.default\">\n\t\t\t\t\t<h2 class=\"elementor-heading-title elementor-size-default\">Piano | Brazil<\/h2>\t\t\t\t<\/div>\n\t\t\t\t<div class=\"elementor-element elementor-element-53211b0 elementor-widget elementor-widget-text-editor\" data-id=\"53211b0\" data-element_type=\"widget\" data-e-type=\"widget\" data-widget_type=\"text-editor.default\">\n\t\t\t\t\t\t\t\t\t<p><strong>Born i<\/strong><strong>n Vit\u00f3ri<\/strong><strong>a d<\/strong><strong>a Conquista, Bahia, Ricardo Castro is a pianist, conductor, educator, and cultural leader, <\/strong><strong>with a life dedicated to the transformative power of music. For nearly five\ndecades, his artistic journey has spanned the world\u2019s great concert halls,<\/strong><strong>classrooms, and social initiatives<\/strong><strong>-<\/strong><strong>from solo performances with renowned orchestras to visionary projects that shape <\/strong><strong>new generations.<\/strong><\/p><p>He quickly gained international recognition, winning first prizes in competitions\nsuch as the Rahn Competition (1985), the Pembaur Prize (1986), the ARD Competition in Munich\n(1987), and the G\u00e9za Anda Competition in Zurich (1988).\nIn 1993, he won the Leeds International Piano Competition, becoming the first and only South\nAmerican to receive this honor. The victory led to performances with orchestras such as the\nGewandhaus Orchestra of Leipzig, the Tonhalle Orchestra of Zurich, and the BBC Philharmonic,\nas well as collaborations with figures like Sir Simon Rattle, Martha Argerich, and Maria Jo\u00e3o Pires.<\/p><p><strong>His work extends far beyond the stage into conducting, education, and cultural\nentrepreneurship.<\/strong><\/p><p><strong>In 2007, he founded NEOJIBA (State Youth and Children\u2019s Orchestras of Bahia), a pioneering\nsocial program offering free orchestral<\/strong><strong>and choral training to thousands of children and\nyoung people throughout Bahia. Through this initiative,<\/strong><strong>he has become an international\nreference in social transformation through music.<\/strong><\/p><p>Alongside his artistic and social commitments, he maintains a strong dedication to education. He\nhas taught piano in Switzerland since 1992, first at HEMU, and since 2020 at the Haute \u00c9cole de\nMusique de Gen\u00e8ve (HEM), where he is currently Head of the Keyboard Department.<\/p><p><strong>Ricardo Castro is the only Brazilian Honorary Member of the Royal Philharmonic Society, the sam<\/strong><strong>e institution that commissioned Beethoven\u2019s Ninth Symphony a<\/strong><strong>nd counts Brahms,\nStravinsky, and Liszt among its historic members.<\/strong><\/p>\t\t\t\t\t\t\t\t<\/div>\n\t\t\t\t<\/div>\n\t\t\t\t\t<\/div>\n\t\t\t\t<\/div>\n\t\t\t\t<\/div>","protected":false},"excerpt":{"rendered":"<p>Ricardo Castro Pian | Brazilia N\u0103scut \u00een Vit\u00f3ria da Conquista, Bahia, Ricardo Castro este pianist, dirijor, educator \u0219i lider cultural, cu o via\u021b\u0103 dedicat\u0103 puterii transformatoare a muzicii. De aproape &hellip; <\/p>\n<p class=\"link-more\"><a href=\"https:\/\/www.humansfestival.com\/en\/ricardo-castro\/\" class=\"more-link\">Read more<span class=\"screen-reader-text\"> &#8222;Ricardo Castro&#8221;<\/span><\/a><\/p>","protected":false},"author":2,"featured_media":0,"parent":0,"menu_order":0,"comment_status":"closed","ping_status":"closed","template":"elementor_header_footer","meta":{"inspiro_hide_title":true,"footnotes":""},"class_list":["post-574","page","type-page","status-publish","hentry"],"_links":{"self":[{"href":"https:\/\/www.humansfestival.com\/en\/wp-json\/wp\/v2\/pages\/574","targetHints":{"allow":["GET"]}}],"collection":[{"href":"https:\/\/www.humansfestival.com\/en\/wp-json\/wp\/v2\/pages"}],"about":[{"href":"https:\/\/www.humansfestival.com\/en\/wp-json\/wp\/v2\/types\/page"}],"author":[{"embeddable":true,"href":"https:\/\/www.humansfestival.com\/en\/wp-json\/wp\/v2\/users\/2"}],"replies":[{"embeddable":true,"href":"https:\/\/www.humansfestival.com\/en\/wp-json\/wp\/v2\/comments?post=574"}],"version-history":[{"count":13,"href":"https:\/\/www.humansfestival.com\/en\/wp-json\/wp\/v2\/pages\/574\/revisions"}],"predecessor-version":[{"id":1248,"href":"https:\/\/www.humansfestival.com\/en\/wp-json\/wp\/v2\/pages\/574\/revisions\/1248"}],"wp:attachment":[{"href":"https:\/\/www.humansfestival.com\/en\/wp-json\/wp\/v2\/media?parent=574"}],"curies":[{"name":"wp","href":"https:\/\/api.w.org\/{rel}","templated":true}]}}