{"id":589,"date":"2026-04-05T23:44:02","date_gmt":"2026-04-05T20:44:02","guid":{"rendered":"https:\/\/www.humansfestival.com\/?page_id=589"},"modified":"2026-04-17T10:26:32","modified_gmt":"2026-04-17T07:26:32","slug":"stefan-cazacu","status":"publish","type":"page","link":"https:\/\/www.humansfestival.com\/en\/stefan-cazacu\/","title":{"rendered":"\u0218tefan Cazacu"},"content":{"rendered":"<div data-elementor-type=\"wp-page\" data-elementor-id=\"589\" class=\"elementor elementor-589\">\n\t\t\t\t<div class=\"elementor-element elementor-element-6f21a88 e-flex e-con-boxed e-con e-parent\" data-id=\"6f21a88\" data-element_type=\"container\" data-e-type=\"container\">\n\t\t\t\t\t<div class=\"e-con-inner\">\n\t\t<div class=\"elementor-element elementor-element-4c55553 e-con-full e-flex e-con e-child\" data-id=\"4c55553\" data-element_type=\"container\" data-e-type=\"container\" data-settings=\"{&quot;background_background&quot;:&quot;classic&quot;}\">\n\t\t\t\t<div class=\"elementor-element elementor-element-a4c3e4c elementor-widget elementor-widget-image\" data-id=\"a4c3e4c\" data-element_type=\"widget\" data-e-type=\"widget\" data-widget_type=\"image.default\">\n\t\t\t\t\t\t\t\t\t\t\t\t\t\t\t<img fetchpriority=\"high\" decoding=\"async\" width=\"854\" height=\"1024\" src=\"https:\/\/www.humansfestival.com\/wp-content\/uploads\/2026\/04\/Stefan-Cazacu-pagina-854x1024.jpg\" class=\"attachment-large size-large wp-image-1233\" alt=\"\" srcset=\"https:\/\/www.humansfestival.com\/wp-content\/uploads\/2026\/04\/Stefan-Cazacu-pagina-854x1024.jpg 854w, https:\/\/www.humansfestival.com\/wp-content\/uploads\/2026\/04\/Stefan-Cazacu-pagina-250x300.jpg 250w, https:\/\/www.humansfestival.com\/wp-content\/uploads\/2026\/04\/Stefan-Cazacu-pagina-100x120.jpg 100w, https:\/\/www.humansfestival.com\/wp-content\/uploads\/2026\/04\/Stefan-Cazacu-pagina-10x12.jpg 10w, https:\/\/www.humansfestival.com\/wp-content\/uploads\/2026\/04\/Stefan-Cazacu-pagina.jpg 908w\" sizes=\"100vw\" \/>\t\t\t\t\t\t\t\t\t\t\t\t\t\t\t<\/div>\n\t\t\t\t<\/div>\n\t\t<div class=\"elementor-element elementor-element-2e9f2ba e-con-full e-flex e-con e-child\" data-id=\"2e9f2ba\" data-element_type=\"container\" data-e-type=\"container\">\n\t\t\t\t<div class=\"elementor-element elementor-element-f929976 elementor-widget elementor-widget-heading\" data-id=\"f929976\" data-element_type=\"widget\" data-e-type=\"widget\" data-widget_type=\"heading.default\">\n\t\t\t\t\t<h2 class=\"elementor-heading-title elementor-size-default\">\u0218tefan Cazacu <\/h2>\t\t\t\t<\/div>\n\t\t\t\t<div class=\"elementor-element elementor-element-6a4b06d elementor-widget-divider--view-line elementor-widget elementor-widget-divider\" data-id=\"6a4b06d\" data-element_type=\"widget\" data-e-type=\"widget\" data-widget_type=\"divider.default\">\n\t\t\t\t\t\t\t<div class=\"elementor-divider\">\n\t\t\t<span class=\"elementor-divider-separator\">\n\t\t\t\t\t\t<\/span>\n\t\t<\/div>\n\t\t\t\t\t\t<\/div>\n\t\t\t\t<div class=\"elementor-element elementor-element-574f045 elementor-widget elementor-widget-heading\" data-id=\"574f045\" data-element_type=\"widget\" data-e-type=\"widget\" data-widget_type=\"heading.default\">\n\t\t\t\t\t<h2 class=\"elementor-heading-title elementor-size-default\">Cello | Romania<\/h2>\t\t\t\t<\/div>\n\t\t\t\t<div class=\"elementor-element elementor-element-53211b0 elementor-widget elementor-widget-text-editor\" data-id=\"53211b0\" data-element_type=\"widget\" data-e-type=\"widget\" data-widget_type=\"text-editor.default\">\n\t\t\t\t\t\t\t\t\t<p><strong>Recently awarde<\/strong><strong>d in German<\/strong><strong>yand Romania, the young cellist \u0218tefan Cazacu\nhas added two international distinction<\/strong><strong>s to his palmares: first prize at the\nInternational Danube Festiva <\/strong><strong>l - Donaufest (Ulm, Germany - 2022) and third\nprize at the International Competition George Enescu (Buchares<\/strong><strong>t, Romania,\n2020-2021 edition).<\/strong><\/p><p>Coming from a musical family, he has developed his own\nunique voice, blending tradition with a refined and expressive approach to the cello\nrepertoire. <strong>His travelling companion \u2013 a collection cello. The instrument was produced over 100 years ago (in 1917)<\/strong>, in Turin, Italy, by the string-instrument\nmaker Georg Ullman. A passionate educator, he is dedicated to inspiring and\nguiding the next generation of musicians. <strong>n recitals or concerts - as a soloist or\nas a member of the Romania<\/strong><strong>n Youth Orchestra - \u0218tefan Cazacu has been\napplauded on important European stages.<\/strong><\/p><p>Laureate of several international competitions, \u0218tefan Cazacu has performed as a soloist with important orchestras, such as the \"George Enescu\" Philharmonic and the National Radio Orchestra.<\/p><p>Coming from a family of musicians, he has built his own style that combines tradition with a modern and refined expressiveness. In addition to his artistic activity, he is involved in education and supporting the new generation of instrumentalists.<\/p>\t\t\t\t\t\t\t\t<\/div>\n\t\t\t\t<\/div>\n\t\t\t\t\t<\/div>\n\t\t\t\t<\/div>\n\t\t\t\t<\/div>","protected":false},"excerpt":{"rendered":"<p>\u0218tefan Cazacu Violoncel | Rom\u00e2nia Recent premiat \u00een Germania \u0219i Rom\u00e2nia, t\u00e2n\u0103rul violoncelist \u0218tefan Cazacu a ad\u0103ugat dou\u0103 distinc\u021bii interna\u021bionale \u00een palmaresul s\u0103u: Premiul I la International Danube Festival \u2013 &hellip; <\/p>\n<p class=\"link-more\"><a href=\"https:\/\/www.humansfestival.com\/en\/stefan-cazacu\/\" class=\"more-link\">Read more<span class=\"screen-reader-text\"> &#8222;\u0218tefan Cazacu&#8221;<\/span><\/a><\/p>","protected":false},"author":2,"featured_media":0,"parent":0,"menu_order":0,"comment_status":"closed","ping_status":"closed","template":"elementor_header_footer","meta":{"inspiro_hide_title":true,"footnotes":""},"class_list":["post-589","page","type-page","status-publish","hentry"],"_links":{"self":[{"href":"https:\/\/www.humansfestival.com\/en\/wp-json\/wp\/v2\/pages\/589","targetHints":{"allow":["GET"]}}],"collection":[{"href":"https:\/\/www.humansfestival.com\/en\/wp-json\/wp\/v2\/pages"}],"about":[{"href":"https:\/\/www.humansfestival.com\/en\/wp-json\/wp\/v2\/types\/page"}],"author":[{"embeddable":true,"href":"https:\/\/www.humansfestival.com\/en\/wp-json\/wp\/v2\/users\/2"}],"replies":[{"embeddable":true,"href":"https:\/\/www.humansfestival.com\/en\/wp-json\/wp\/v2\/comments?post=589"}],"version-history":[{"count":13,"href":"https:\/\/www.humansfestival.com\/en\/wp-json\/wp\/v2\/pages\/589\/revisions"}],"predecessor-version":[{"id":1251,"href":"https:\/\/www.humansfestival.com\/en\/wp-json\/wp\/v2\/pages\/589\/revisions\/1251"}],"wp:attachment":[{"href":"https:\/\/www.humansfestival.com\/en\/wp-json\/wp\/v2\/media?parent=589"}],"curies":[{"name":"wp","href":"https:\/\/api.w.org\/{rel}","templated":true}]}}