{"id":594,"date":"2026-04-05T23:45:38","date_gmt":"2026-04-05T20:45:38","guid":{"rendered":"https:\/\/www.humansfestival.com\/?page_id=594"},"modified":"2026-04-17T10:26:43","modified_gmt":"2026-04-17T07:26:43","slug":"sabina-silaghi","status":"publish","type":"page","link":"https:\/\/www.humansfestival.com\/en\/sabina-silaghi\/","title":{"rendered":"Sabina Silaghi"},"content":{"rendered":"<div data-elementor-type=\"wp-page\" data-elementor-id=\"594\" class=\"elementor elementor-594\">\n\t\t\t\t<div class=\"elementor-element elementor-element-6f21a88 e-flex e-con-boxed e-con e-parent\" data-id=\"6f21a88\" data-element_type=\"container\" data-e-type=\"container\">\n\t\t\t\t\t<div class=\"e-con-inner\">\n\t\t<div class=\"elementor-element elementor-element-4c55553 e-con-full e-flex e-con e-child\" data-id=\"4c55553\" data-element_type=\"container\" data-e-type=\"container\" data-settings=\"{&quot;background_background&quot;:&quot;classic&quot;}\">\n\t\t\t\t<div class=\"elementor-element elementor-element-416213d elementor-widget elementor-widget-image\" data-id=\"416213d\" data-element_type=\"widget\" data-e-type=\"widget\" data-widget_type=\"image.default\">\n\t\t\t\t\t\t\t\t\t\t\t\t\t\t\t<img fetchpriority=\"high\" decoding=\"async\" width=\"854\" height=\"1024\" src=\"https:\/\/www.humansfestival.com\/wp-content\/uploads\/2026\/04\/Sabina-Silaghi-pagina-854x1024.jpg\" class=\"attachment-large size-large wp-image-1232\" alt=\"\" srcset=\"https:\/\/www.humansfestival.com\/wp-content\/uploads\/2026\/04\/Sabina-Silaghi-pagina-854x1024.jpg 854w, https:\/\/www.humansfestival.com\/wp-content\/uploads\/2026\/04\/Sabina-Silaghi-pagina-250x300.jpg 250w, https:\/\/www.humansfestival.com\/wp-content\/uploads\/2026\/04\/Sabina-Silaghi-pagina-100x120.jpg 100w, https:\/\/www.humansfestival.com\/wp-content\/uploads\/2026\/04\/Sabina-Silaghi-pagina-10x12.jpg 10w, https:\/\/www.humansfestival.com\/wp-content\/uploads\/2026\/04\/Sabina-Silaghi-pagina.jpg 908w\" sizes=\"100vw\" \/>\t\t\t\t\t\t\t\t\t\t\t\t\t\t\t<\/div>\n\t\t\t\t<\/div>\n\t\t<div class=\"elementor-element elementor-element-2e9f2ba e-con-full e-flex e-con e-child\" data-id=\"2e9f2ba\" data-element_type=\"container\" data-e-type=\"container\">\n\t\t\t\t<div class=\"elementor-element elementor-element-f929976 elementor-widget elementor-widget-heading\" data-id=\"f929976\" data-element_type=\"widget\" data-e-type=\"widget\" data-widget_type=\"heading.default\">\n\t\t\t\t\t<h2 class=\"elementor-heading-title elementor-size-default\">Sabina Silaghi <\/h2>\t\t\t\t<\/div>\n\t\t\t\t<div class=\"elementor-element elementor-element-6a4b06d elementor-widget-divider--view-line elementor-widget elementor-widget-divider\" data-id=\"6a4b06d\" data-element_type=\"widget\" data-e-type=\"widget\" data-widget_type=\"divider.default\">\n\t\t\t\t\t\t\t<div class=\"elementor-divider\">\n\t\t\t<span class=\"elementor-divider-separator\">\n\t\t\t\t\t\t<\/span>\n\t\t<\/div>\n\t\t\t\t\t\t<\/div>\n\t\t\t\t<div class=\"elementor-element elementor-element-574f045 elementor-widget elementor-widget-heading\" data-id=\"574f045\" data-element_type=\"widget\" data-e-type=\"widget\" data-widget_type=\"heading.default\">\n\t\t\t\t\t<h2 class=\"elementor-heading-title elementor-size-default\">Violin | Romania<\/h2>\t\t\t\t<\/div>\n\t\t\t\t<div class=\"elementor-element elementor-element-53211b0 elementor-widget elementor-widget-text-editor\" data-id=\"53211b0\" data-element_type=\"widget\" data-e-type=\"widget\" data-widget_type=\"text-editor.default\">\n\t\t\t\t\t\t\t\t\t<p><strong>Sabina Silaghi was born in Cluj-Napoca in 200<\/strong><strong>and began her violin studies\nin 2007. She graduated from the \"<\/strong><strong>Sigismund Todu\u0163\u0103\" College of Music in Cluj-\nNapoca in 2020<\/strong>. Four years later she completed her Bachelor studies at the\n\"Gheorghe Dima\" Academy of Music in Cluj-Napoca under the guidance of\nviolonist and professor Nicu\u015for Silaghi. She is a multiple laureate of the National\nMusic Olympiad, also participating in many other prestigious competitions from\nwhich she has brought home over twenty awards.<\/p><p><strong>She is currentl <\/strong><strong>y a Master's student at the Hochschule f\u00fc<\/strong><strong>r Musik Saar under\nthe guidance of renowned violinist David Grimal.<\/strong><\/p><p>She has carried out a rich stage activity as an orchestra member, playing in\nesteemed concert halls such as Philarmonie de Paris, Elbphilarmonie Hamburg,\nKonzerthaus Berlin, Musikverein Vienna, Concertgebow Amsterdam or the Romanian Athenaeum.<\/p><p>is a member of the National Romanian Youth Orchestra\nand Les Dissonances. <strong>The collaboration she has had with numerous\norchestras such as the Romanian Chamber Orchestra, L'Orchestre Nationale\nde France, the \"George Enescu\" Philharmonic<\/strong><strong>, the National Radio Orchestra <\/strong><strong>, the Wiener Jeunesse Orchestra and the Royal Camerata brought her a certain\nenrichment o<\/strong><strong>f musicianship.<\/strong><\/p>\t\t\t\t\t\t\t\t<\/div>\n\t\t\t\t<\/div>\n\t\t\t\t\t<\/div>\n\t\t\t\t<\/div>\n\t\t\t\t<\/div>","protected":false},"excerpt":{"rendered":"<p>Sabina Silaghi Vioar\u0103 | Rom\u00e2nia Sabina Silaghi s-a n\u0103scut la Cluj-Napoca \u00een 2001 \u0219i a \u00eenceput studiul viorii \u00een 2007. A absolvit Colegiul de Muzic\u0103 \u201eSigismund Todu\u021b\u0103\u201d din Cluj-Napoca \u00een &hellip; <\/p>\n<p class=\"link-more\"><a href=\"https:\/\/www.humansfestival.com\/en\/sabina-silaghi\/\" class=\"more-link\">Read more<span class=\"screen-reader-text\"> &#8222;Sabina Silaghi&#8221;<\/span><\/a><\/p>","protected":false},"author":2,"featured_media":0,"parent":0,"menu_order":0,"comment_status":"closed","ping_status":"closed","template":"elementor_header_footer","meta":{"inspiro_hide_title":true,"footnotes":""},"class_list":["post-594","page","type-page","status-publish","hentry"],"_links":{"self":[{"href":"https:\/\/www.humansfestival.com\/en\/wp-json\/wp\/v2\/pages\/594","targetHints":{"allow":["GET"]}}],"collection":[{"href":"https:\/\/www.humansfestival.com\/en\/wp-json\/wp\/v2\/pages"}],"about":[{"href":"https:\/\/www.humansfestival.com\/en\/wp-json\/wp\/v2\/types\/page"}],"author":[{"embeddable":true,"href":"https:\/\/www.humansfestival.com\/en\/wp-json\/wp\/v2\/users\/2"}],"replies":[{"embeddable":true,"href":"https:\/\/www.humansfestival.com\/en\/wp-json\/wp\/v2\/comments?post=594"}],"version-history":[{"count":13,"href":"https:\/\/www.humansfestival.com\/en\/wp-json\/wp\/v2\/pages\/594\/revisions"}],"predecessor-version":[{"id":1254,"href":"https:\/\/www.humansfestival.com\/en\/wp-json\/wp\/v2\/pages\/594\/revisions\/1254"}],"wp:attachment":[{"href":"https:\/\/www.humansfestival.com\/en\/wp-json\/wp\/v2\/media?parent=594"}],"curies":[{"name":"wp","href":"https:\/\/api.w.org\/{rel}","templated":true}]}}