{"id":603,"date":"2026-04-05T23:50:22","date_gmt":"2026-04-05T20:50:22","guid":{"rendered":"https:\/\/www.humansfestival.com\/?page_id=603"},"modified":"2026-04-17T10:47:55","modified_gmt":"2026-04-17T07:47:55","slug":"politica-de-utilizare-cookies","status":"publish","type":"page","link":"https:\/\/www.humansfestival.com\/en\/politica-de-utilizare-cookies\/","title":{"rendered":"Politica de utilizare cookies"},"content":{"rendered":"<div data-elementor-type=\"wp-page\" data-elementor-id=\"603\" class=\"elementor elementor-603\">\n\t\t\t\t<div class=\"elementor-element elementor-element-e3037d8 e-flex e-con-boxed e-con e-parent\" data-id=\"e3037d8\" data-element_type=\"container\" data-e-type=\"container\">\n\t\t\t\t\t<div class=\"e-con-inner\">\n\t\t\t\t<div class=\"elementor-element elementor-element-3472963 elementor-widget elementor-widget-heading\" data-id=\"3472963\" data-element_type=\"widget\" data-e-type=\"widget\" data-widget_type=\"heading.default\">\n\t\t\t\t\t<h2 class=\"elementor-heading-title elementor-size-default\">Politica de utilizare cookies<\/h2>\t\t\t\t<\/div>\n\t\t\t\t<div class=\"elementor-element elementor-element-c49d4f3 elementor-widget elementor-widget-text-editor\" data-id=\"c49d4f3\" data-element_type=\"widget\" data-e-type=\"widget\" data-widget_type=\"text-editor.default\">\n\t\t\t\t\t\t\t\t\t<p data-start=\"2821\" data-end=\"2862\"><strong data-start=\"2821\" data-end=\"2844\">Ultima actualizare: 17.04.2026<\/strong><\/p><p data-start=\"2864\" data-end=\"2942\">Acest site folose\u0219te cookie-uri pentru a \u00eembun\u0103t\u0103\u021bi experien\u021ba utilizatorilor.<\/p><h2 data-section-id=\"1pvodvy\" data-start=\"2944\" data-end=\"2970\">1. Ce sunt cookie-urile<\/h2><p data-start=\"2971\" data-end=\"3059\">Cookie-urile sunt fi\u0219iere mici stocate pe dispozitivul t\u0103u atunci c\u00e2nd vizitezi un site.<\/p><h2 data-section-id=\"oocv99\" data-start=\"3061\" data-end=\"3096\">2. Tipuri de cookie-uri folosite<\/h2><h3 data-section-id=\"1bp5uky\" data-start=\"3098\" data-end=\"3124\">\u2714\ufe0f Cookie-uri necesare<\/h3><p data-start=\"3125\" data-end=\"3166\">Asigur\u0103 func\u021bionarea corect\u0103 a site-ului.<\/p><h3 data-section-id=\"k7elih\" data-start=\"3168\" data-end=\"3196\">\u2714\ufe0f Cookie-uri de analiz\u0103<\/h3><p data-start=\"3197\" data-end=\"3268\">Ne ajut\u0103 s\u0103 \u00een\u021belegem cum este utilizat site-ul (ex: Google Analytics).<\/p><h3 data-section-id=\"1h2jsyq\" data-start=\"3270\" data-end=\"3318\">\u2714\ufe0f Cookie-uri de marketing (dac\u0103 vor exista)<\/h3><p data-start=\"3319\" data-end=\"3351\">Pentru promovare \u0219i remarketing.<\/p><h2 data-section-id=\"12g11pw\" data-start=\"3353\" data-end=\"3384\">3. Gestionarea cookie-urilor<\/h2><p data-start=\"3385\" data-end=\"3448\">Po\u021bi controla sau \u0219terge cookie-urile din set\u0103rile browserului.<\/p><h2 data-section-id=\"1egm407\" data-start=\"3450\" data-end=\"3468\">4. Consim\u021b\u0103m\u00e2nt<\/h2><p data-start=\"3469\" data-end=\"3548\">La prima vizit\u0103 pe site, vei fi \u00eentrebat dac\u0103 accep\u021bi utilizarea cookie-urilor.<\/p><h2 data-section-id=\"xkv1mm\" data-start=\"3550\" data-end=\"3563\">5. Contact<\/h2><p data-start=\"3564\" data-end=\"3593\">\ud83d\udce7 <a class=\"decorated-link cursor-pointer\" rel=\"noopener\" data-start=\"3567\" data-end=\"3593\">contact@humansfestival.com<\/a><\/p>\t\t\t\t\t\t\t\t<\/div>\n\t\t\t\t\t<\/div>\n\t\t\t\t<\/div>\n\t\t\t\t<\/div>","protected":false},"excerpt":{"rendered":"<p>Politica de utilizare cookies Ultima actualizare: 17.04.2026 Acest site folose\u0219te cookie-uri pentru a \u00eembun\u0103t\u0103\u021bi experien\u021ba utilizatorilor. 1. Ce sunt cookie-urile Cookie-urile sunt fi\u0219iere mici stocate pe dispozitivul t\u0103u atunci c\u00e2nd &hellip; <\/p>\n<p class=\"link-more\"><a href=\"https:\/\/www.humansfestival.com\/en\/politica-de-utilizare-cookies\/\" class=\"more-link\">Read more<span class=\"screen-reader-text\"> &#8222;Politica de utilizare cookies&#8221;<\/span><\/a><\/p>","protected":false},"author":2,"featured_media":0,"parent":0,"menu_order":0,"comment_status":"closed","ping_status":"closed","template":"","meta":{"inspiro_hide_title":true,"footnotes":""},"class_list":["post-603","page","type-page","status-publish","hentry"],"_links":{"self":[{"href":"https:\/\/www.humansfestival.com\/en\/wp-json\/wp\/v2\/pages\/603","targetHints":{"allow":["GET"]}}],"collection":[{"href":"https:\/\/www.humansfestival.com\/en\/wp-json\/wp\/v2\/pages"}],"about":[{"href":"https:\/\/www.humansfestival.com\/en\/wp-json\/wp\/v2\/types\/page"}],"author":[{"embeddable":true,"href":"https:\/\/www.humansfestival.com\/en\/wp-json\/wp\/v2\/users\/2"}],"replies":[{"embeddable":true,"href":"https:\/\/www.humansfestival.com\/en\/wp-json\/wp\/v2\/comments?post=603"}],"version-history":[{"count":5,"href":"https:\/\/www.humansfestival.com\/en\/wp-json\/wp\/v2\/pages\/603\/revisions"}],"predecessor-version":[{"id":1270,"href":"https:\/\/www.humansfestival.com\/en\/wp-json\/wp\/v2\/pages\/603\/revisions\/1270"}],"wp:attachment":[{"href":"https:\/\/www.humansfestival.com\/en\/wp-json\/wp\/v2\/media?parent=603"}],"curies":[{"name":"wp","href":"https:\/\/api.w.org\/{rel}","templated":true}]}}