{"id":786,"date":"2026-04-13T17:04:24","date_gmt":"2026-04-13T14:04:24","guid":{"rendered":"https:\/\/www.humansfestival.com\/?page_id=786"},"modified":"2026-05-04T11:50:08","modified_gmt":"2026-05-04T08:50:08","slug":"comitet-onorific","status":"publish","type":"page","link":"https:\/\/www.humansfestival.com\/en\/comitet-onorific\/","title":{"rendered":"Honorary Committee"},"content":{"rendered":"<div data-elementor-type=\"wp-page\" data-elementor-id=\"786\" class=\"elementor elementor-786\">\n\t\t\t\t<div class=\"elementor-element elementor-element-4eda493 e-flex e-con-boxed e-con e-parent\" data-id=\"4eda493\" data-element_type=\"container\" data-e-type=\"container\">\n\t\t\t\t\t<div class=\"e-con-inner\">\n\t\t\t\t<div class=\"elementor-element elementor-element-1b0da4a elementor-widget elementor-widget-spacer\" data-id=\"1b0da4a\" data-element_type=\"widget\" data-e-type=\"widget\" data-widget_type=\"spacer.default\">\n\t\t\t\t\t\t\t<div class=\"elementor-spacer\">\n\t\t\t<div class=\"elementor-spacer-inner\"><\/div>\n\t\t<\/div>\n\t\t\t\t\t\t<\/div>\n\t\t\t\t\t<\/div>\n\t\t\t\t<\/div>\n\t\t<div class=\"elementor-element elementor-element-70d5538 e-con-full e-flex e-con e-parent\" data-id=\"70d5538\" data-element_type=\"container\" data-e-type=\"container\">\n\t\t<div class=\"elementor-element elementor-element-9162382 e-con-full e-flex e-con e-child\" data-id=\"9162382\" data-element_type=\"container\" data-e-type=\"container\">\n\t\t\t\t<div class=\"elementor-element elementor-element-b39332b elementor-widget elementor-widget-image\" data-id=\"b39332b\" data-element_type=\"widget\" data-e-type=\"widget\" data-widget_type=\"image.default\">\n\t\t\t\t\t\t\t\t\t\t\t\t\t\t\t<img fetchpriority=\"high\" decoding=\"async\" width=\"400\" height=\"400\" src=\"https:\/\/www.humansfestival.com\/wp-content\/uploads\/2026\/04\/1-2.png\" class=\"attachment-full size-full wp-image-1733\" alt=\"\" srcset=\"https:\/\/www.humansfestival.com\/wp-content\/uploads\/2026\/04\/1-2.png 400w, https:\/\/www.humansfestival.com\/wp-content\/uploads\/2026\/04\/1-2-300x300.png 300w, https:\/\/www.humansfestival.com\/wp-content\/uploads\/2026\/04\/1-2-150x150.png 150w, https:\/\/www.humansfestival.com\/wp-content\/uploads\/2026\/04\/1-2-100x100.png 100w, https:\/\/www.humansfestival.com\/wp-content\/uploads\/2026\/04\/1-2-12x12.png 12w\" sizes=\"100vw\" \/>\t\t\t\t\t\t\t\t\t\t\t\t\t\t\t<\/div>\n\t\t\t\t<div class=\"elementor-element elementor-element-4ebbdd5 elementor-widget elementor-widget-heading\" data-id=\"4ebbdd5\" data-element_type=\"widget\" data-e-type=\"widget\" data-widget_type=\"heading.default\">\n\t\t\t\t\t<h2 class=\"elementor-heading-title elementor-size-default\">Georgeta Grama-Moldovan<\/h2>\t\t\t\t<\/div>\n\t\t\t\t<div class=\"elementor-element elementor-element-a5d0a58 elementor-widget-divider--view-line elementor-widget elementor-widget-divider\" data-id=\"a5d0a58\" data-element_type=\"widget\" data-e-type=\"widget\" data-widget_type=\"divider.default\">\n\t\t\t\t\t\t\t<div class=\"elementor-divider\">\n\t\t\t<span class=\"elementor-divider-separator\">\n\t\t\t\t\t\t<\/span>\n\t\t<\/div>\n\t\t\t\t\t\t<\/div>\n\t\t\t\t<div class=\"elementor-element elementor-element-af7a500 elementor-widget elementor-widget-text-editor\" data-id=\"af7a500\" data-element_type=\"widget\" data-e-type=\"widget\" data-widget_type=\"text-editor.default\">\n\t\t\t\t\t\t\t\t\t<p><em>\u201cThe future of our societies will be human-centered, or it will not exist at all.\u201d <\/em><\/p>\n<p>Georgeta Grama-Moldovan is an international relations consultant and sociologist,\nspecializing in geopolitics, governance, and sustainability, with a particular focus on\nreducing food waste and supporting the transition from linear to circular economic models\nin Eastern Europe.<\/p>\n<p>She currently serves as Director General of the Global Europe Anticipation Bulletin\n(GEAB), a multilingual monthly publication by Anticipolis Editions (France), dedicated to\nanalyzing global geopolitical and societal transformations. She is also a board member of\nthe Laboratoire Europ\u00e9en d\u2019Anticipation Politique (LEAP2040 \u2013 Paris) and the Cluj\nInternational Committee.<\/p>\n<p>Her work lies at the intersection of governance and systemic transformation, drawing on\nover two decades of experience in European networks and the public policy environment.<\/p>\t\t\t\t\t\t\t\t<\/div>\n\t\t\t\t<\/div>\n\t\t<div class=\"elementor-element elementor-element-36cd1ab e-con-full e-flex e-con e-child\" data-id=\"36cd1ab\" data-element_type=\"container\" data-e-type=\"container\">\n\t\t\t\t<div class=\"elementor-element elementor-element-4d46682 elementor-widget elementor-widget-image\" data-id=\"4d46682\" data-element_type=\"widget\" data-e-type=\"widget\" data-widget_type=\"image.default\">\n\t\t\t\t\t\t\t\t\t\t\t\t\t\t\t<img decoding=\"async\" width=\"400\" height=\"400\" src=\"https:\/\/www.humansfestival.com\/wp-content\/uploads\/2026\/05\/Delia-Bugarin-Lupu.png\" class=\"attachment-full size-full wp-image-1768\" alt=\"\" srcset=\"https:\/\/www.humansfestival.com\/wp-content\/uploads\/2026\/05\/Delia-Bugarin-Lupu.png 400w, https:\/\/www.humansfestival.com\/wp-content\/uploads\/2026\/05\/Delia-Bugarin-Lupu-300x300.png 300w, https:\/\/www.humansfestival.com\/wp-content\/uploads\/2026\/05\/Delia-Bugarin-Lupu-150x150.png 150w, https:\/\/www.humansfestival.com\/wp-content\/uploads\/2026\/05\/Delia-Bugarin-Lupu-100x100.png 100w, https:\/\/www.humansfestival.com\/wp-content\/uploads\/2026\/05\/Delia-Bugarin-Lupu-12x12.png 12w\" sizes=\"100vw\" \/>\t\t\t\t\t\t\t\t\t\t\t\t\t\t\t<\/div>\n\t\t\t\t<div class=\"elementor-element elementor-element-fc53d54 elementor-widget elementor-widget-heading\" data-id=\"fc53d54\" data-element_type=\"widget\" data-e-type=\"widget\" data-widget_type=\"heading.default\">\n\t\t\t\t\t<h2 class=\"elementor-heading-title elementor-size-default\">Delia Bugarin-Lupu<\/h2>\t\t\t\t<\/div>\n\t\t\t\t<div class=\"elementor-element elementor-element-081616a elementor-widget-divider--view-line elementor-widget elementor-widget-divider\" data-id=\"081616a\" data-element_type=\"widget\" data-e-type=\"widget\" data-widget_type=\"divider.default\">\n\t\t\t\t\t\t\t<div class=\"elementor-divider\">\n\t\t\t<span class=\"elementor-divider-separator\">\n\t\t\t\t\t\t<\/span>\n\t\t<\/div>\n\t\t\t\t\t\t<\/div>\n\t\t\t\t<div class=\"elementor-element elementor-element-af52aab elementor-widget elementor-widget-text-editor\" data-id=\"af52aab\" data-element_type=\"widget\" data-e-type=\"widget\" data-widget_type=\"text-editor.default\">\n\t\t\t\t\t\t\t\t\t<p>Delia Bugarin-Lupu is a violinist and the president of the Radu Lupu Foundation, created in 2024 in memory of her husband, pianist Radu Lupu.<\/p><p>The foundation, based in Switzerland, identifies and promotes young musical talents, supporting them in their professional development and achievement.<\/p><p>At the same time, the Radu Lupu Foundation organizes and provides human and financial support to special cultural events, thus providing a launch platform and visibility for tomorrow's generations.<\/p>\t\t\t\t\t\t\t\t<\/div>\n\t\t\t\t<\/div>\n\t\t<div class=\"elementor-element elementor-element-2c0bf01 e-con-full e-flex e-con e-child\" data-id=\"2c0bf01\" data-element_type=\"container\" data-e-type=\"container\">\n\t\t\t\t<div class=\"elementor-element elementor-element-7e758f1 elementor-widget elementor-widget-image\" data-id=\"7e758f1\" data-element_type=\"widget\" data-e-type=\"widget\" data-widget_type=\"image.default\">\n\t\t\t\t\t\t\t\t\t\t\t\t\t\t\t<img decoding=\"async\" width=\"400\" height=\"400\" src=\"https:\/\/www.humansfestival.com\/wp-content\/uploads\/2026\/04\/2-2.png\" class=\"attachment-full size-full wp-image-1734\" alt=\"\" srcset=\"https:\/\/www.humansfestival.com\/wp-content\/uploads\/2026\/04\/2-2.png 400w, https:\/\/www.humansfestival.com\/wp-content\/uploads\/2026\/04\/2-2-300x300.png 300w, https:\/\/www.humansfestival.com\/wp-content\/uploads\/2026\/04\/2-2-150x150.png 150w, https:\/\/www.humansfestival.com\/wp-content\/uploads\/2026\/04\/2-2-100x100.png 100w, https:\/\/www.humansfestival.com\/wp-content\/uploads\/2026\/04\/2-2-12x12.png 12w\" sizes=\"100vw\" \/>\t\t\t\t\t\t\t\t\t\t\t\t\t\t\t<\/div>\n\t\t\t\t<div class=\"elementor-element elementor-element-57655cc elementor-widget elementor-widget-heading\" data-id=\"57655cc\" data-element_type=\"widget\" data-e-type=\"widget\" data-widget_type=\"heading.default\">\n\t\t\t\t\t<h2 class=\"elementor-heading-title elementor-size-default\">Catia R\u0103dulescu<\/h2>\t\t\t\t<\/div>\n\t\t\t\t<div class=\"elementor-element elementor-element-1e5e8c6 elementor-widget-divider--view-line elementor-widget elementor-widget-divider\" data-id=\"1e5e8c6\" data-element_type=\"widget\" data-e-type=\"widget\" data-widget_type=\"divider.default\">\n\t\t\t\t\t\t\t<div class=\"elementor-divider\">\n\t\t\t<span class=\"elementor-divider-separator\">\n\t\t\t\t\t\t<\/span>\n\t\t<\/div>\n\t\t\t\t\t\t<\/div>\n\t\t\t\t<div class=\"elementor-element elementor-element-621e913 elementor-widget elementor-widget-text-editor\" data-id=\"621e913\" data-element_type=\"widget\" data-e-type=\"widget\" data-widget_type=\"text-editor.default\">\n\t\t\t\t\t\t\t\t\t<p>After many years practicing law, Catia R\u0103dulescu became Managing Partner of a major\ngroup with diverse business interests, building a rich and dynamic professional career. Her\npassion for art, especially music, has accompanied her since childhood, inspired by her father and guided by her violin teacher, who also became a mentor in life.<\/p><p>\u201cExcellence in art is extremely difficult to achieve; the effort is immense, and without\ngenius, one cannot reach the world\u2019s great stages. A more accessible path, yet one of\nimmense fulfillment, has been the role of patron, striving over time to support both\nestablished artists and emerging talents, whether musicians, painters, or writers. For this\nreason, being close to the Humans Festival and its founder, the renowned violinist David\nGrimal, so generous with young artists, is both a joy and a privilege.\u201d<\/p>\t\t\t\t\t\t\t\t<\/div>\n\t\t\t\t<\/div>\n\t\t<div class=\"elementor-element elementor-element-8fe2181 e-con-full e-flex e-con e-child\" data-id=\"8fe2181\" data-element_type=\"container\" data-e-type=\"container\">\n\t\t\t\t<div class=\"elementor-element elementor-element-1a1369c elementor-widget elementor-widget-image\" data-id=\"1a1369c\" data-element_type=\"widget\" data-e-type=\"widget\" data-widget_type=\"image.default\">\n\t\t\t\t\t\t\t\t\t\t\t\t\t\t\t<img loading=\"lazy\" decoding=\"async\" width=\"400\" height=\"400\" src=\"https:\/\/www.humansfestival.com\/wp-content\/uploads\/2026\/05\/5.png\" class=\"attachment-full size-full wp-image-1764\" alt=\"\" srcset=\"https:\/\/www.humansfestival.com\/wp-content\/uploads\/2026\/05\/5.png 400w, https:\/\/www.humansfestival.com\/wp-content\/uploads\/2026\/05\/5-300x300.png 300w, https:\/\/www.humansfestival.com\/wp-content\/uploads\/2026\/05\/5-150x150.png 150w, https:\/\/www.humansfestival.com\/wp-content\/uploads\/2026\/05\/5-100x100.png 100w, https:\/\/www.humansfestival.com\/wp-content\/uploads\/2026\/05\/5-12x12.png 12w\" sizes=\"100vw\" \/>\t\t\t\t\t\t\t\t\t\t\t\t\t\t\t<\/div>\n\t\t\t\t<div class=\"elementor-element elementor-element-76931bb elementor-widget elementor-widget-heading\" data-id=\"76931bb\" data-element_type=\"widget\" data-e-type=\"widget\" data-widget_type=\"heading.default\">\n\t\t\t\t\t<h2 class=\"elementor-heading-title elementor-size-default\">Laurent Joyeux<\/h2>\t\t\t\t<\/div>\n\t\t\t\t<div class=\"elementor-element elementor-element-603eac1 elementor-widget-divider--view-line elementor-widget elementor-widget-divider\" data-id=\"603eac1\" data-element_type=\"widget\" data-e-type=\"widget\" data-widget_type=\"divider.default\">\n\t\t\t\t\t\t\t<div class=\"elementor-divider\">\n\t\t\t<span class=\"elementor-divider-separator\">\n\t\t\t\t\t\t<\/span>\n\t\t<\/div>\n\t\t\t\t\t\t<\/div>\n\t\t\t\t<div class=\"elementor-element elementor-element-b89081e elementor-widget elementor-widget-text-editor\" data-id=\"b89081e\" data-element_type=\"widget\" data-e-type=\"widget\" data-widget_type=\"text-editor.default\">\n\t\t\t\t\t\t\t\t\t<p>I am very happy to support this new festival founded by David Grimal, because I strongly believe that music, an expression of the human soul, so personal and intimate, can heal the wounds of our fragmented societies, or at least help us overcome them, bringing us together again. I am convinced that this festival carries this ambition.<\/p><p>Former general and artistic director of the Dijon Opera for 15 years, Laurent Joyeux has been, since 2023, the Artistic Director of the Auditorium \u2013 National Orchestra of Lyon.<\/p>\t\t\t\t\t\t\t\t<\/div>\n\t\t\t\t<\/div>\n\t\t\t\t<\/div>\n\t\t<div class=\"elementor-element elementor-element-90b4a8f e-con-full e-flex e-con e-parent\" data-id=\"90b4a8f\" data-element_type=\"container\" data-e-type=\"container\">\n\t\t<div class=\"elementor-element elementor-element-aea3972 e-con-full e-flex e-con e-child\" data-id=\"aea3972\" data-element_type=\"container\" data-e-type=\"container\">\n\t\t\t\t<div class=\"elementor-element elementor-element-107af78 elementor-widget elementor-widget-image\" data-id=\"107af78\" data-element_type=\"widget\" data-e-type=\"widget\" data-widget_type=\"image.default\">\n\t\t\t\t\t\t\t\t\t\t\t\t\t\t\t<img loading=\"lazy\" decoding=\"async\" width=\"400\" height=\"400\" src=\"https:\/\/www.humansfestival.com\/wp-content\/uploads\/2026\/04\/3-2.png\" class=\"attachment-full size-full wp-image-1735\" alt=\"\" srcset=\"https:\/\/www.humansfestival.com\/wp-content\/uploads\/2026\/04\/3-2.png 400w, https:\/\/www.humansfestival.com\/wp-content\/uploads\/2026\/04\/3-2-300x300.png 300w, https:\/\/www.humansfestival.com\/wp-content\/uploads\/2026\/04\/3-2-150x150.png 150w, https:\/\/www.humansfestival.com\/wp-content\/uploads\/2026\/04\/3-2-100x100.png 100w, https:\/\/www.humansfestival.com\/wp-content\/uploads\/2026\/04\/3-2-12x12.png 12w\" sizes=\"100vw\" \/>\t\t\t\t\t\t\t\t\t\t\t\t\t\t\t<\/div>\n\t\t\t\t<div class=\"elementor-element elementor-element-6c7ad65 elementor-widget elementor-widget-heading\" data-id=\"6c7ad65\" data-element_type=\"widget\" data-e-type=\"widget\" data-widget_type=\"heading.default\">\n\t\t\t\t\t<h2 class=\"elementor-heading-title elementor-size-default\">Carmen Uscatu\n<\/h2>\t\t\t\t<\/div>\n\t\t\t\t<div class=\"elementor-element elementor-element-b1e0eda elementor-widget-divider--view-line elementor-widget elementor-widget-divider\" data-id=\"b1e0eda\" data-element_type=\"widget\" data-e-type=\"widget\" data-widget_type=\"divider.default\">\n\t\t\t\t\t\t\t<div class=\"elementor-divider\">\n\t\t\t<span class=\"elementor-divider-separator\">\n\t\t\t\t\t\t<\/span>\n\t\t<\/div>\n\t\t\t\t\t\t<\/div>\n\t\t\t\t<div class=\"elementor-element elementor-element-f4f3cf6 elementor-widget elementor-widget-text-editor\" data-id=\"f4f3cf6\" data-element_type=\"widget\" data-e-type=\"widget\" data-widget_type=\"text-editor.default\">\n\t\t\t\t\t\t\t\t\t<p>Carmen Uscatu has dedicated her entire life and professional path to ensuring that\npatients in Romania have access to the highest standards of medical care, grounded in\ndignity and respect.<\/p><p>In 2024, she expressed this experience in her autobiography, The Year I Didn\u2019t Die, a\ndeeply moving testimony of her journey through the Romanian healthcare system\u2014first as\na patient on the brink of death, and later as one of the key figures behind the movement\nthat succeeded in building the first children\u2019s hospital fully funded through donations and\nsponsorships.<\/p><p>Today, she continues her work with the same unwavering commitment, both nationally and\ninternationally, advocating for equal access to treatment for children battling cancer and for\ntruly world-class medical care.<\/p>\t\t\t\t\t\t\t\t<\/div>\n\t\t\t\t<\/div>\n\t\t<div class=\"elementor-element elementor-element-8d6fde1 e-con-full e-flex e-con e-child\" data-id=\"8d6fde1\" data-element_type=\"container\" data-e-type=\"container\">\n\t\t\t\t<div class=\"elementor-element elementor-element-7eb28bc elementor-widget elementor-widget-image\" data-id=\"7eb28bc\" data-element_type=\"widget\" data-e-type=\"widget\" data-widget_type=\"image.default\">\n\t\t\t\t\t\t\t\t\t\t\t\t\t\t\t<img loading=\"lazy\" decoding=\"async\" width=\"400\" height=\"400\" src=\"https:\/\/www.humansfestival.com\/wp-content\/uploads\/2026\/04\/4-2.png\" class=\"attachment-full size-full wp-image-1732\" alt=\"\" srcset=\"https:\/\/www.humansfestival.com\/wp-content\/uploads\/2026\/04\/4-2.png 400w, https:\/\/www.humansfestival.com\/wp-content\/uploads\/2026\/04\/4-2-300x300.png 300w, https:\/\/www.humansfestival.com\/wp-content\/uploads\/2026\/04\/4-2-150x150.png 150w, https:\/\/www.humansfestival.com\/wp-content\/uploads\/2026\/04\/4-2-100x100.png 100w, https:\/\/www.humansfestival.com\/wp-content\/uploads\/2026\/04\/4-2-12x12.png 12w\" sizes=\"100vw\" \/>\t\t\t\t\t\t\t\t\t\t\t\t\t\t\t<\/div>\n\t\t\t\t<div class=\"elementor-element elementor-element-0499cd8 elementor-widget elementor-widget-heading\" data-id=\"0499cd8\" data-element_type=\"widget\" data-e-type=\"widget\" data-widget_type=\"heading.default\">\n\t\t\t\t\t<h2 class=\"elementor-heading-title elementor-size-default\">Charleyne Biondi\n<\/h2>\t\t\t\t<\/div>\n\t\t\t\t<div class=\"elementor-element elementor-element-840cc00 elementor-widget-divider--view-line elementor-widget elementor-widget-divider\" data-id=\"840cc00\" data-element_type=\"widget\" data-e-type=\"widget\" data-widget_type=\"divider.default\">\n\t\t\t\t\t\t\t<div class=\"elementor-divider\">\n\t\t\t<span class=\"elementor-divider-separator\">\n\t\t\t\t\t\t<\/span>\n\t\t<\/div>\n\t\t\t\t\t\t<\/div>\n\t\t\t\t<div class=\"elementor-element elementor-element-7c8b35f elementor-widget elementor-widget-text-editor\" data-id=\"7c8b35f\" data-element_type=\"widget\" data-e-type=\"widget\" data-widget_type=\"text-editor.default\">\n\t\t\t\t\t\t\t\t\t<p>Charleyne Biondi is Vice President, leading research on emerging technologies at\nMoody\u2019s, and Senior Research Fellow on digital issues at the Institut Montaigne in Paris.\nShe holds a PhD in political theory from Columbia University and is the author of an essay\nexploring the philosophical and political implications of digital technologies.<\/p><p>Her work focuses on the philosophy of technology, the cultural history of the digital age,\nand the geopolitics of transformations driven by artificial intelligence.<\/p><p>Deeply connected to classical music, she sees it as a privileged space for questioning\nwhat, within human experience, resists simulation.<\/p>\t\t\t\t\t\t\t\t<\/div>\n\t\t\t\t<\/div>\n\t\t<div class=\"elementor-element elementor-element-d0e2e47 e-con-full e-flex e-con e-child\" data-id=\"d0e2e47\" data-element_type=\"container\" data-e-type=\"container\">\n\t\t\t\t<\/div>\n\t\t<div class=\"elementor-element elementor-element-69153f8 e-con-full e-flex e-con e-child\" data-id=\"69153f8\" data-element_type=\"container\" data-e-type=\"container\">\n\t\t\t\t<\/div>\n\t\t\t\t<\/div>\n\t\t\t\t<\/div>","protected":false},"excerpt":{"rendered":"<p>Georgeta Grama-Moldovan \u201eViitorul societ\u0103\u021bilor noastre va fi centrat pe om \u2014 sau nu va exista deloc.\u201d Georgeta Grama-Moldovan este consultant \u00een rela\u021bii interna\u021bionale \u0219i sociolog, specializat\u0103 \u00een geopolitic\u0103, guvernan\u021b\u0103 \u0219i &hellip; <\/p>\n<p class=\"link-more\"><a href=\"https:\/\/www.humansfestival.com\/en\/comitet-onorific\/\" class=\"more-link\">Read more<span class=\"screen-reader-text\"> &#8222;Comitet Onorific&#8221;<\/span><\/a><\/p>","protected":false},"author":1,"featured_media":0,"parent":0,"menu_order":0,"comment_status":"closed","ping_status":"closed","template":"elementor_header_footer","meta":{"inspiro_hide_title":true,"footnotes":""},"class_list":["post-786","page","type-page","status-publish","hentry"],"_links":{"self":[{"href":"https:\/\/www.humansfestival.com\/en\/wp-json\/wp\/v2\/pages\/786","targetHints":{"allow":["GET"]}}],"collection":[{"href":"https:\/\/www.humansfestival.com\/en\/wp-json\/wp\/v2\/pages"}],"about":[{"href":"https:\/\/www.humansfestival.com\/en\/wp-json\/wp\/v2\/types\/page"}],"author":[{"embeddable":true,"href":"https:\/\/www.humansfestival.com\/en\/wp-json\/wp\/v2\/users\/1"}],"replies":[{"embeddable":true,"href":"https:\/\/www.humansfestival.com\/en\/wp-json\/wp\/v2\/comments?post=786"}],"version-history":[{"count":42,"href":"https:\/\/www.humansfestival.com\/en\/wp-json\/wp\/v2\/pages\/786\/revisions"}],"predecessor-version":[{"id":1806,"href":"https:\/\/www.humansfestival.com\/en\/wp-json\/wp\/v2\/pages\/786\/revisions\/1806"}],"wp:attachment":[{"href":"https:\/\/www.humansfestival.com\/en\/wp-json\/wp\/v2\/media?parent=786"}],"curies":[{"name":"wp","href":"https:\/\/api.w.org\/{rel}","templated":true}]}}