{"id":839,"date":"2026-04-13T18:21:21","date_gmt":"2026-04-13T15:21:21","guid":{"rendered":"https:\/\/www.humansfestival.com\/?page_id=839"},"modified":"2026-04-22T08:36:24","modified_gmt":"2026-04-22T05:36:24","slug":"david-grimal","status":"publish","type":"page","link":"https:\/\/www.humansfestival.com\/en\/david-grimal\/","title":{"rendered":"David Grimal"},"content":{"rendered":"<div data-elementor-type=\"wp-page\" data-elementor-id=\"839\" class=\"elementor elementor-839\">\n\t\t\t\t<div class=\"elementor-element elementor-element-6c9e501 e-flex e-con-boxed e-con e-parent\" data-id=\"6c9e501\" data-element_type=\"container\" data-e-type=\"container\">\n\t\t\t\t\t<div class=\"e-con-inner\">\n\t\t\t\t<div class=\"elementor-element elementor-element-4a28271 elementor-widget elementor-widget-spacer\" data-id=\"4a28271\" data-element_type=\"widget\" data-e-type=\"widget\" data-widget_type=\"spacer.default\">\n\t\t\t\t\t\t\t<div class=\"elementor-spacer\">\n\t\t\t<div class=\"elementor-spacer-inner\"><\/div>\n\t\t<\/div>\n\t\t\t\t\t\t<\/div>\n\t\t\t\t<div class=\"elementor-element elementor-element-bb2a107 elementor-widget elementor-widget-text-editor\" data-id=\"bb2a107\" data-element_type=\"widget\" data-e-type=\"widget\" data-widget_type=\"text-editor.default\">\n\t\t\t\t\t\t\t\t\t<p><strong><em>\"In times that challenge our humanity, I created Humans around what defines us most: the\nsoul, which no artificial or real intelligence can quantify or surpass. Music is its expression\n- an infinite language that transcends words and the wounds of civilizations.\u201d<\/em><\/strong><\/p><p>&#8211; David Grimal<\/p>\t\t\t\t\t\t\t\t<\/div>\n\t\t\t\t\t<\/div>\n\t\t\t\t<\/div>\n\t\t<div class=\"elementor-element elementor-element-7822603 e-flex e-con-boxed e-con e-child\" data-id=\"7822603\" data-element_type=\"container\" data-e-type=\"container\">\n\t\t\t\t\t<div class=\"e-con-inner\">\n\t\t<div class=\"elementor-element elementor-element-b6132bd e-con-full e-flex e-con e-child\" data-id=\"b6132bd\" data-element_type=\"container\" data-e-type=\"container\" data-settings=\"{&quot;background_background&quot;:&quot;classic&quot;}\">\n\t\t\t\t<\/div>\n\t\t<div class=\"elementor-element elementor-element-9dbb794 e-con-full e-flex e-con e-child\" data-id=\"9dbb794\" data-element_type=\"container\" data-e-type=\"container\">\n\t\t\t\t<div class=\"elementor-element elementor-element-f5b54c5 elementor-widget elementor-widget-heading\" data-id=\"f5b54c5\" data-element_type=\"widget\" data-e-type=\"widget\" data-widget_type=\"heading.default\">\n\t\t\t\t\t<h2 class=\"elementor-heading-title elementor-size-default\">DAVID<br>GRIMAL<\/h2>\t\t\t\t<\/div>\n\t\t\t\t<div class=\"elementor-element elementor-element-2a26c29 elementor-widget-divider--view-line elementor-widget elementor-widget-divider\" data-id=\"2a26c29\" data-element_type=\"widget\" data-e-type=\"widget\" data-widget_type=\"divider.default\">\n\t\t\t\t\t\t\t<div class=\"elementor-divider\">\n\t\t\t<span class=\"elementor-divider-separator\">\n\t\t\t\t\t\t<\/span>\n\t\t<\/div>\n\t\t\t\t\t\t<\/div>\n\t\t\t\t<div class=\"elementor-element elementor-element-577b454 elementor-widget elementor-widget-heading\" data-id=\"577b454\" data-element_type=\"widget\" data-e-type=\"widget\" data-widget_type=\"heading.default\">\n\t\t\t\t\t<h3 class=\"elementor-heading-title elementor-size-default\">Visionary Violinist and Cultural Leader<\/h3>\t\t\t\t<\/div>\n\t\t\t\t<div class=\"elementor-element elementor-element-7c65941 elementor-widget elementor-widget-text-editor\" data-id=\"7c65941\" data-element_type=\"widget\" data-e-type=\"widget\" data-widget_type=\"text-editor.default\">\n\t\t\t\t\t\t\t\t\t<p><em>\u201cA musician renowned for his intellectual curiosity, his taste for all kinds of musical\nadventure, and his commitment to society.\u201d<\/em> &#8211; The Guardian.<\/p><p><strong>Today, David Grimal stands out both as a virtuoso violinist and as a cultural entrepreneur,\nbuilding bridge<\/strong><strong>s between nations, disciplines, and generations through music.<\/strong><\/p><p>\u201cInternationally acclaimed as one of the most original violinists of his generation,\u201d Le\nMonde hails him as \u201can violonist who constantly renews the art of interpretation.\u201d Invited to\nperform on the world\u2019s most prestigious stages, as soloist or conductor of leading\norchestras, he is also the chamber music partner of choice for the greatest artists at\nrenowed festivals.<\/p><p><strong>F<\/strong><strong>In 2004, he founded Les Dissonances<\/strong>, the only orchestra worldwide performing the\nsymphonic\nrepertoire without a conductor, with filmed concerts broadcast in over 60 countries <strong>F<\/strong><strong>rom 2003 t<\/strong><strong>o 2024, he le<\/strong><strong>\u2019<\/strong><strong>d L\u2019Autre Saison in Pari<\/strong>s pioneering series for the homeless that\nhelped over 400 people escape extreme poverty. <strong>In 2022, he create<\/strong><strong>d th<\/strong><strong>e Lumi\u00e8re<\/strong><strong>\u2019<\/strong><strong>s d\u2019Europe, an Academy-festival<\/strong> under Nobel laureate Serge Haroche\u2019s honorary presidency, combining music with philosophy, literature, science, and history, while supporting young European musicians<\/p><p>His recordings,awarded distinctions such as BBC Music Choice, Diapason d\u2019Or, T\u00e9l\u00e9rama\nffff, and ArteS\u00e9lection, appear on EMI, Harmonia Mundi, Na\u00efve, Aeon, Transart, and La\nDolce Volta.<\/p><p><strong>A dedicated teacher,<\/strong>he has taught at the Conservatoire de Paris, now at the Hochschule f\u00fcr Musik Saarbr\u00fccken, and is regularly invited to leading institutions worldwide.<\/p><p><strong>David Grimal was made a Chevalier dans l\u2019Ordre des Arts et Lettres in 2008 by the French\nMinistry of Cultur<\/strong><strong>e.<\/strong><\/p>\t\t\t\t\t\t\t\t<\/div>\n\t\t\t\t<\/div>\n\t\t\t\t\t<\/div>\n\t\t\t\t<\/div>\n\t\t<div class=\"elementor-element elementor-element-9b86be8 e-flex e-con-boxed e-con e-parent\" data-id=\"9b86be8\" data-element_type=\"container\" data-e-type=\"container\">\n\t\t\t\t\t<div class=\"e-con-inner\">\n\t\t\t\t<div class=\"elementor-element elementor-element-a56722e elementor-widget elementor-widget-heading\" data-id=\"a56722e\" data-element_type=\"widget\" data-e-type=\"widget\" data-widget_type=\"heading.default\">\n\t\t\t\t\t<h3 class=\"elementor-heading-title elementor-size-default\">Mission<\/h3>\t\t\t\t<\/div>\n\t\t\t\t<div class=\"elementor-element elementor-element-cb8f308 elementor-widget-divider--view-line elementor-widget elementor-widget-divider\" data-id=\"cb8f308\" data-element_type=\"widget\" data-e-type=\"widget\" data-widget_type=\"divider.default\">\n\t\t\t\t\t\t\t<div class=\"elementor-divider\">\n\t\t\t<span class=\"elementor-divider-separator\">\n\t\t\t\t\t\t<\/span>\n\t\t<\/div>\n\t\t\t\t\t\t<\/div>\n\t\t\t\t<div class=\"elementor-element elementor-element-37233fe elementor-widget elementor-widget-text-editor\" data-id=\"37233fe\" data-element_type=\"widget\" data-e-type=\"widget\" data-widget_type=\"text-editor.default\">\n\t\t\t\t\t\t\t\t\t<p>HUMANS is a classical music festival that aims to go beyond the simple presentation of\nconcerts. It embraces a broader mission: to educate, to convey authentic emotion, and to\nfoster a living dialogue between generations-creating connections between artists and\naudiences, between higher education institutions and beyond, and between different\nartistic disciplines.<\/p>\t\t\t\t\t\t\t\t<\/div>\n\t\t\t\t\t<\/div>\n\t\t\t\t<\/div>\n\t\t<div class=\"elementor-element elementor-element-ea25ae1 e-flex e-con-boxed e-con e-parent\" data-id=\"ea25ae1\" data-element_type=\"container\" data-e-type=\"container\">\n\t\t\t\t\t<div class=\"e-con-inner\">\n\t\t<div class=\"elementor-element elementor-element-5ea2fda e-con-full e-flex e-con e-child\" data-id=\"5ea2fda\" data-element_type=\"container\" data-e-type=\"container\">\n\t\t\t\t<div class=\"elementor-element elementor-element-fc0504e elementor-widget elementor-widget-heading\" data-id=\"fc0504e\" data-element_type=\"widget\" data-e-type=\"widget\" data-widget_type=\"heading.default\">\n\t\t\t\t\t<h3 class=\"elementor-heading-title elementor-size-default\">Why Cluj-Napoca?<\/h3>\t\t\t\t<\/div>\n\t\t\t\t<div class=\"elementor-element elementor-element-3162f8e elementor-widget elementor-widget-text-editor\" data-id=\"3162f8e\" data-element_type=\"widget\" data-e-type=\"widget\" data-widget_type=\"text-editor.default\">\n\t\t\t\t\t\t\t\t\t<p>Cluj-Napoca is a city of culture, universities, and the meeting point of traditions. Situated at\nthe crossroads of major European influences, it has, over time, cultivated a vibrant and\nopen artistic community.\nThe HUMANS Festival builds on this cultural energy, adding a new dimension through the\nlens of classical music and transforming the city into an international meeting point.<\/p>\t\t\t\t\t\t\t\t<\/div>\n\t\t\t\t<\/div>\n\t\t<div class=\"elementor-element elementor-element-942ccab e-con-full e-flex e-con e-child\" data-id=\"942ccab\" data-element_type=\"container\" data-e-type=\"container\" data-settings=\"{&quot;background_background&quot;:&quot;classic&quot;}\">\n\t\t\t\t<\/div>\n\t\t\t\t\t<\/div>\n\t\t\t\t<\/div>\n\t\t\t\t<\/div>","protected":false},"excerpt":{"rendered":"<p>\u201e\u00cen vremuri care ne pun la \u00eencercare umanitatea, am creat Humans \u00een jurul a ceea ce ne define\u0219te cel mai profund: sufletul, pe care nicio inteligen\u021b\u0103 artificial\u0103 sau real\u0103 nu &hellip; <\/p>\n<p class=\"link-more\"><a href=\"https:\/\/www.humansfestival.com\/en\/david-grimal\/\" class=\"more-link\">Read more<span class=\"screen-reader-text\"> &#8222;David Grimal&#8221;<\/span><\/a><\/p>","protected":false},"author":1,"featured_media":0,"parent":0,"menu_order":0,"comment_status":"closed","ping_status":"closed","template":"elementor_header_footer","meta":{"inspiro_hide_title":true,"footnotes":""},"class_list":["post-839","page","type-page","status-publish","hentry"],"_links":{"self":[{"href":"https:\/\/www.humansfestival.com\/en\/wp-json\/wp\/v2\/pages\/839","targetHints":{"allow":["GET"]}}],"collection":[{"href":"https:\/\/www.humansfestival.com\/en\/wp-json\/wp\/v2\/pages"}],"about":[{"href":"https:\/\/www.humansfestival.com\/en\/wp-json\/wp\/v2\/types\/page"}],"author":[{"embeddable":true,"href":"https:\/\/www.humansfestival.com\/en\/wp-json\/wp\/v2\/users\/1"}],"replies":[{"embeddable":true,"href":"https:\/\/www.humansfestival.com\/en\/wp-json\/wp\/v2\/comments?post=839"}],"version-history":[{"count":41,"href":"https:\/\/www.humansfestival.com\/en\/wp-json\/wp\/v2\/pages\/839\/revisions"}],"predecessor-version":[{"id":1731,"href":"https:\/\/www.humansfestival.com\/en\/wp-json\/wp\/v2\/pages\/839\/revisions\/1731"}],"wp:attachment":[{"href":"https:\/\/www.humansfestival.com\/en\/wp-json\/wp\/v2\/media?parent=839"}],"curies":[{"name":"wp","href":"https:\/\/api.w.org\/{rel}","templated":true}]}}